{"id":112,"date":"2015-05-01T12:04:11","date_gmt":"2015-05-01T12:04:11","guid":{"rendered":"http:\/\/gurudwara-ulm.de\/?page_id=112"},"modified":"2015-05-01T12:14:08","modified_gmt":"2015-05-01T12:14:08","slug":"general-info","status":"publish","type":"page","link":"http:\/\/gurudwara-ulm.de\/?page_id=112","title":{"rendered":"Ablauf im Gurdwara"},"content":{"rendered":"<p><strong>Praktische Durchf\u00fchrung und Ablauf im Gurdwara<\/strong><\/p>\n<p>Grunds\u00e4tzlich findet jeden Samstag undSonntag ein gro\u00dfes Gebet im Ulmer Gurdwara statt. Doch auch an den anderen Tagen werden die \u00fcblichen Gebete (wie morgens Japji Sahib und abends Rehras) durchgef\u00fchrt.<br \/>\nAm Sonntag versammeln sich viele Personen im Gurdwara, um einige Stunden Gott zu widmen. In jedem Gurdwara sitzen die Musiker, S\u00e4nger, Priester und alle anderen Besucher auf einem niedrigeren Niveau als das Guru Granth Sahib Ji und Singen daraus Hymnen.<\/p>\n<p>Nun zum Ablauf:<\/p>\n<p><strong>Gebete und Shabad Kirtan<\/strong><\/p>\n<p>Um ca. 5:30 wird das Japji Sahib, gefolgt von weiteren Schriften aus dem Guru Granth Sahib Ji gelesen. Nach dem Gebet des Sukhmanni Sahib erfolgt Shabad Kirtan. Shabad Kirtan ist das instrumentell begleitete Singen von g\u00f6ttlichen Gebeten, die sowohl von Kindern als auch von Erwachsenen vorgetragen werden.<\/p>\n<p><strong>Ardas<\/strong><\/p>\n<p>Anschlie\u00dfend wird Ardas, das Hauptgebet, vorgetragen, wozu jeder aufstehen muss. In diesem ersuchenden Gebet wird um Gottes Hilfe oder auch Vergebung gebeten. Es ist ein Gebet, das mit der Erinnerung an Gott beginnt und darauf folgend die zehn Gurus, den Khalsa, Guru Granth Sahib Ji und schlie\u00dflich die gro\u00dfe Gruppe bedeutender Sikhs der Geschichte weiht. Das Gebet wird dann fortgesetzt mit Bitten um Glaube und Vernunft. Dieses Ardas endet mit einem Gebet f\u00fcr das Wohlergehen aller.<\/p>\n<p>Nach dem Ardas wird das Guru Granth Sahib Ji nach dem Zufallsprinzip ge\u00f6ffnet und eine Hymne daraus gelesen. Diese abschlie\u00dfende Hymne gilt als Botschaft Gottes f\u00fcr den jeweiligen Tag bzw. jeweilige Woche.<\/p>\n<p><strong>Karah Parshad<\/strong><\/p>\n<p>Danach wird Karah Parshad ausgeteilt. Dies ist eine Mehlspeise aus Zucker, Wasser und Butter und dient als Erfrischung und Segen.<\/p>\n<p><strong>Langar<\/strong><\/p>\n<p>In jedem Gurdwara wird Essen, bezeichnet als Langar, serviert.<br \/>\nDieses Essen ist stets vegetarisch, sodass sich Menschen jeder Herkunft und Religion beteiligen k\u00f6nnen. Es ist zudem kostenlos und f\u00fcr jeden verf\u00fcgbar. Es wird von Sewa (selbstloser Dienst) zubereitet, d.h. es wird von Freiwilligen gekocht und serviert.<br \/>\nIm Goldenen Tempel in Amritsar, das als gr\u00f6\u00dfte Sikh-Gebetsst\u00e4tte gilt, wird \u00fcber 80 000 Menschen t\u00e4glich das Langar serviert.<\/p>\n","protected":false},"excerpt":{"rendered":"<p>Praktische Durchf\u00fchrung und Ablauf im Gurdwara Grunds\u00e4tzlich findet jeden Samstag undSonntag ein gro\u00dfes Gebet im Ulmer Gurdwara statt. Doch auch an den anderen Tagen werden die \u00fcblichen Gebete (wie morgens Japji Sahib und abends Rehras) durchgef\u00fchrt. Am Sonntag versammeln sich viele Personen im Gurdwara, um einige Stunden Gott zu widmen. In jedem Gurdwara sitzen die [&hellip;]<\/p>\n","protected":false},"author":1,"featured_media":0,"parent":110,"menu_order":0,"comment_status":"open","ping_status":"open","template":"","meta":[],"_links":{"self":[{"href":"http:\/\/gurudwara-ulm.de\/index.php?rest_route=\/wp\/v2\/pages\/112"}],"collection":[{"href":"http:\/\/gurudwara-ulm.de\/index.php?rest_route=\/wp\/v2\/pages"}],"about":[{"href":"http:\/\/gurudwara-ulm.de\/index.php?rest_route=\/wp\/v2\/types\/page"}],"author":[{"embeddable":true,"href":"http:\/\/gurudwara-ulm.de\/index.php?rest_route=\/wp\/v2\/users\/1"}],"replies":[{"embeddable":true,"href":"http:\/\/gurudwara-ulm.de\/index.php?rest_route=%2Fwp%2Fv2%2Fcomments&post=112"}],"version-history":[{"count":4,"href":"http:\/\/gurudwara-ulm.de\/index.php?rest_route=\/wp\/v2\/pages\/112\/revisions"}],"predecessor-version":[{"id":119,"href":"http:\/\/gurudwara-ulm.de\/index.php?rest_route=\/wp\/v2\/pages\/112\/revisions\/119"}],"up":[{"embeddable":true,"href":"http:\/\/gurudwara-ulm.de\/index.php?rest_route=\/wp\/v2\/pages\/110"}],"wp:attachment":[{"href":"http:\/\/gurudwara-ulm.de\/index.php?rest_route=%2Fwp%2Fv2%2Fmedia&parent=112"}],"curies":[{"name":"wp","href":"https:\/\/api.w.org\/{rel}","templated":true}]}}