{"id":16,"date":"2015-04-10T08:50:55","date_gmt":"2015-04-10T08:50:55","guid":{"rendered":"http:\/\/gurudwara-ulm.de\/?page_id=16"},"modified":"2021-09-19T08:59:49","modified_gmt":"2021-09-19T08:59:49","slug":"activities","status":"publish","type":"page","link":"http:\/\/gurudwara-ulm.de\/?page_id=16","title":{"rendered":"Activities"},"content":{"rendered":"<p>Mit Sadh sangat Kooperation und Akzeptanz Am 11.09.2021 \u00fcbernimmt neu gew\u00e4hlter Vorstand die Verantwortung f\u00fcr das weitere reibungslose Funktionieren von Gurudwara Sahib.<\/p>\n<p>Link zu Video:-&nbsp;<a href=\"https:\/\/youtu.be\/eCajE4C-yEg\">https:\/\/youtu.be\/eCajE4C-yEg<\/a><\/p>\n\n\n<figure class=\"wp-block-embed-youtube wp-block-embed is-type-video is-provider-youtube wp-embed-aspect-16-9 wp-has-aspect-ratio\"><div class=\"wp-block-embed__wrapper\">\n<iframe loading=\"lazy\" title=\"Vorstandsdelegation _am_11.09.2021\" width=\"654\" height=\"368\" src=\"https:\/\/www.youtube.com\/embed\/eCajE4C-yEg?feature=oembed\" frameborder=\"0\" allow=\"accelerometer; autoplay; clipboard-write; encrypted-media; gyroscope; picture-in-picture\" allowfullscreen><\/iframe>\n<\/div><\/figure>\n\n\n\n<p>Nishan Sahib Sewa 18 September 2021<\/p>\n\n\n\n<figure class=\"wp-block-embed-youtube wp-block-embed is-type-video is-provider-youtube wp-embed-aspect-16-9 wp-has-aspect-ratio\"><div class=\"wp-block-embed__wrapper\">\n<iframe loading=\"lazy\" title=\"Nishan Sahib Sewa September 2021\" width=\"654\" height=\"368\" src=\"https:\/\/www.youtube.com\/embed\/QHQAWoViQRA?feature=oembed\" frameborder=\"0\" allow=\"accelerometer; autoplay; clipboard-write; encrypted-media; gyroscope; picture-in-picture\" allowfullscreen><\/iframe>\n<\/div><\/figure>\n","protected":false},"excerpt":{"rendered":"<p>Mit Sadh sangat Kooperation und Akzeptanz Am 11.09.2021 \u00fcbernimmt neu gew\u00e4hlter Vorstand die Verantwortung f\u00fcr das weitere reibungslose Funktionieren von Gurudwara Sahib. Link zu Video:-&nbsp;https:\/\/youtu.be\/eCajE4C-yEg Nishan Sahib Sewa 18 September 2021<\/p>\n","protected":false},"author":1,"featured_media":0,"parent":0,"menu_order":2,"comment_status":"closed","ping_status":"open","template":"","meta":[],"_links":{"self":[{"href":"http:\/\/gurudwara-ulm.de\/index.php?rest_route=\/wp\/v2\/pages\/16"}],"collection":[{"href":"http:\/\/gurudwara-ulm.de\/index.php?rest_route=\/wp\/v2\/pages"}],"about":[{"href":"http:\/\/gurudwara-ulm.de\/index.php?rest_route=\/wp\/v2\/types\/page"}],"author":[{"embeddable":true,"href":"http:\/\/gurudwara-ulm.de\/index.php?rest_route=\/wp\/v2\/users\/1"}],"replies":[{"embeddable":true,"href":"http:\/\/gurudwara-ulm.de\/index.php?rest_route=%2Fwp%2Fv2%2Fcomments&post=16"}],"version-history":[{"count":5,"href":"http:\/\/gurudwara-ulm.de\/index.php?rest_route=\/wp\/v2\/pages\/16\/revisions"}],"predecessor-version":[{"id":353,"href":"http:\/\/gurudwara-ulm.de\/index.php?rest_route=\/wp\/v2\/pages\/16\/revisions\/353"}],"wp:attachment":[{"href":"http:\/\/gurudwara-ulm.de\/index.php?rest_route=%2Fwp%2Fv2%2Fmedia&parent=16"}],"curies":[{"name":"wp","href":"https:\/\/api.w.org\/{rel}","templated":true}]}}